{"id":57,"date":"2019-11-09T17:11:10","date_gmt":"2019-11-09T17:11:10","guid":{"rendered":"https:\/\/leine9.de\/?page_id=57"},"modified":"2019-11-09T17:11:10","modified_gmt":"2019-11-09T17:11:10","slug":"impressum","status":"publish","type":"page","link":"https:\/\/leine9.de\/index.php\/impressum\/","title":{"rendered":"Impressum"},"content":{"rendered":"<p>[et_pb_section fb_built=&#8220;1&#8243; _builder_version=&#8220;4.0.6&#8243;][et_pb_row _builder_version=&#8220;4.0.6&#8243;][et_pb_column _builder_version=&#8220;4.0.6&#8243; type=&#8220;4_4&#8243;][et_pb_text _builder_version=&#8220;4.0.6&#8243; hover_enabled=&#8220;0&#8243;]<\/p>\n<h1 class=\"page-title\"><strong>Impressum<\/strong><\/h1>\n<p>&nbsp;<\/p>\n<h1><\/h1>\n<h1>Baumeister Blume\u00a0GmbH<\/h1>\n<p>Leineweberstr. 9<br \/>31303 Burgdorf<\/p>\n<p>&nbsp;<\/p>\n<p><span>Telefon: 05136 920 42 34<\/span><\/p>\n<p><span>Fax: 05136 920 42 35<\/span><\/p>\n<p><span>Mobil: 0176 61 24 99 51<\/span><\/p>\n<p><span>E-Mail:\u00a0<a href=\"mailto:info@baumeister-blume.de\">info@baumeister-blume.de<\/a><\/span><span>\u00a0<\/span><\/p>\n<p>&nbsp;<\/p>\n<p><span>Gesch\u00e4ftsf\u00fchrer: Swen Blume<\/span><\/p>\n<p><span>Steuer-Nr.: 16\/202\/46519<\/span><\/p>\n<p><span>USt-ID-Nr. DE296318242<\/span><\/p>\n<p><span>Amtsgericht Hildesheim HRB 204006<\/span><\/p>\n<p><span>\u00a0<\/span><\/p>\n<p><span>Haftungsausschluss:<\/span><\/p>\n<p><span>F\u00fcr alle Links gilt: Wir m\u00f6chten ausdr\u00fccklich betonen, dass wir keinerlei Einfluss auf den Linktext, die Gestaltung und die Inhalte der gelinkten Seiten haben. Deshalb distanzieren wir uns ausdr\u00fccklich von den Linkformulierungen, sowie von allen gelinkten Seiten auf unserer Homepage und machen uns ihre Inhalte nicht zu Eigen. Diese Erkl\u00e4rung gilt f\u00fcr alle auf unserer Website angebrachten Links und f\u00fcr alle Inhalte der Seiten, zu denen die bei uns angemeldeten Banner oder Links f\u00fchren.<\/span><\/p>\n<p>[\/et_pb_text][\/et_pb_column][\/et_pb_row][\/et_pb_section]<\/p>\n","protected":false},"excerpt":{"rendered":"<p>Impressum &nbsp; Baumeister Blume\u00a0GmbH Leineweberstr. 931303 Burgdorf &nbsp; Telefon: 05136 920 42 34 Fax: 05136 920 42 35 Mobil: 0176 61 24 99 51 E-Mail:\u00a0info@baumeister-blume.de\u00a0 &nbsp; Gesch\u00e4ftsf\u00fchrer: Swen Blume Steuer-Nr.: 16\/202\/46519 USt-ID-Nr. DE296318242 Amtsgericht Hildesheim HRB 204006 \u00a0 Haftungsausschluss: F\u00fcr alle Links gilt: Wir m\u00f6chten ausdr\u00fccklich betonen, dass wir keinerlei Einfluss auf den Linktext, die [&hellip;]<\/p>\n","protected":false},"author":1,"featured_media":0,"parent":0,"menu_order":0,"comment_status":"closed","ping_status":"closed","template":"","meta":{"_et_pb_use_builder":"on","_et_pb_old_content":"","_et_gb_content_width":"","footnotes":""},"class_list":["post-57","page","type-page","status-publish","hentry"],"_links":{"self":[{"href":"https:\/\/leine9.de\/index.php\/wp-json\/wp\/v2\/pages\/57"}],"collection":[{"href":"https:\/\/leine9.de\/index.php\/wp-json\/wp\/v2\/pages"}],"about":[{"href":"https:\/\/leine9.de\/index.php\/wp-json\/wp\/v2\/types\/page"}],"author":[{"embeddable":true,"href":"https:\/\/leine9.de\/index.php\/wp-json\/wp\/v2\/users\/1"}],"replies":[{"embeddable":true,"href":"https:\/\/leine9.de\/index.php\/wp-json\/wp\/v2\/comments?post=57"}],"version-history":[{"count":4,"href":"https:\/\/leine9.de\/index.php\/wp-json\/wp\/v2\/pages\/57\/revisions"}],"predecessor-version":[{"id":62,"href":"https:\/\/leine9.de\/index.php\/wp-json\/wp\/v2\/pages\/57\/revisions\/62"}],"wp:attachment":[{"href":"https:\/\/leine9.de\/index.php\/wp-json\/wp\/v2\/media?parent=57"}],"curies":[{"name":"wp","href":"https:\/\/api.w.org\/{rel}","templated":true}]}}