{"id":6,"date":"2019-11-09T12:21:40","date_gmt":"2019-11-09T12:21:40","guid":{"rendered":"https:\/\/leine9.de\/?page_id=6"},"modified":"2020-01-04T17:02:15","modified_gmt":"2020-01-04T17:02:15","slug":"6-2","status":"publish","type":"page","link":"https:\/\/leine9.de\/","title":{"rendered":"Landing"},"content":{"rendered":"<p>[et_pb_section fb_built=&#8220;1&#8243; admin_label=&#8220;Header&#8220; _builder_version=&#8220;4.0.6&#8243; use_background_color_gradient=&#8220;on&#8220; background_color_gradient_start=&#8220;rgba(255,255,255,0.89)&#8220; background_color_gradient_end=&#8220;rgba(255,255,255,0)&#8220; background_color_gradient_type=&#8220;radial&#8220; background_color_gradient_direction_radial=&#8220;top left&#8220; background_color_gradient_start_position=&#8220;30%&#8220; background_color_gradient_end_position=&#8220;80%&#8220; background_color_gradient_overlays_image=&#8220;on&#8220; background_image=&#8220;https:\/\/leine9.de\/wp-content\/uploads\/2019\/11\/IMG_5313-copy.jpeg&#8220; custom_padding=&#8220;12vw|0px|0|0px|false|false&#8220; background_last_edited=&#8220;on|tablet&#8220; background_image_tablet=&#8220;https:\/\/leine9.de\/wp-content\/uploads\/2019\/11\/IMG_5313-copy.jpeg&#8220; background_enable_image_tablet=&#8220;on&#8220;][et_pb_row _builder_version=&#8220;3.25&#8243; custom_margin=&#8220;|||&#8220;][et_pb_column type=&#8220;4_4&#8243; _builder_version=&#8220;3.25&#8243; custom_padding=&#8220;|||&#8220; custom_padding__hover=&#8220;|||&#8220;][et_pb_text _builder_version=&#8220;4.0.6&#8243; text_font=&#8220;||||||||&#8220; header_font=&#8220;Raleway|700|||||||&#8220; header_font_size=&#8220;80px&#8220; header_line_height=&#8220;1.2em&#8220; header_5_font=&#8220;Raleway|700||on|||||&#8220; header_5_text_color=&#8220;#000000&#8243; header_5_font_size=&#8220;20px&#8220; header_5_letter_spacing=&#8220;0.5em&#8220; header_5_line_height=&#8220;1.8em&#8220; animation_style=&#8220;zoom&#8220; animation_intensity_zoom=&#8220;5%&#8220; header_font_size_tablet=&#8220;48px&#8220; header_font_size_phone=&#8220;32px&#8220; header_font_size_last_edited=&#8220;on|phone&#8220; header_5_font_size_tablet=&#8220;14px&#8220; header_5_font_size_phone=&#8220;12px&#8220; header_5_font_size_last_edited=&#8220;on|desktop&#8220;]<\/p>\n<h5>A Home Away From Home<\/h5>\n<h1>Die Pension &#8211; Leine 9<\/h1>\n<p>[\/et_pb_text][\/et_pb_column][\/et_pb_row][et_pb_row column_structure=&#8220;1_4,1_4,1_4,1_4&#8243; use_custom_gutter=&#8220;on&#8220; make_equal=&#8220;on&#8220; custom_padding_last_edited=&#8220;on|desktop&#8220; _builder_version=&#8220;4.0.6&#8243; background_color=&#8220;#ffffff&#8220; width=&#8220;84%&#8220; max_width=&#8220;136%&#8220; module_alignment=&#8220;left&#8220; min_height=&#8220;50px&#8220; custom_margin=&#8220;12vw||||false|false&#8220; custom_padding=&#8220;0px|0px|0px|15vw|false|false&#8220; custom_padding_tablet=&#8220;|||10vw&#8220; custom_padding_phone=&#8220;&#8220; animation_style=&#8220;slide&#8220; animation_direction=&#8220;left&#8220; animation_intensity_slide=&#8220;5%&#8220; use_custom_width=&#8220;on&#8220; width_unit=&#8220;off&#8220; custom_width_percent=&#8220;90%&#8220; locked=&#8220;off&#8220;][et_pb_column type=&#8220;1_4&#8243; _builder_version=&#8220;4.0.6&#8243; custom_padding=&#8220;50px||||false|false&#8220; custom_padding_tablet=&#8220;40px|||&#8220; custom_padding_phone=&#8220;20px|||&#8220; custom_padding_last_edited=&#8220;off|desktop&#8220; padding_phone=&#8220;20px|||&#8220; padding_tablet=&#8220;40px|||&#8220; padding_last_edited=&#8220;off|desktop&#8220; custom_padding__hover=&#8220;|||&#8220;][et_pb_blurb title=&#8220;Hannover Burgdorf&#8220; use_icon=&#8220;on&#8220; font_icon=&#8220;%%249%%&#8220; icon_color=&#8220;#c3cfd6&#8243; icon_placement=&#8220;left&#8220; use_icon_font_size=&#8220;on&#8220; icon_font_size=&#8220;24px&#8220; _builder_version=&#8220;4.0.6&#8243; header_level=&#8220;h5&#8243; header_font=&#8220;Raleway|700|||||||&#8220; header_line_height=&#8220;1.4em&#8220;][\/et_pb_blurb][\/et_pb_column][et_pb_column type=&#8220;1_4&#8243; _builder_version=&#8220;4.0.6&#8243; custom_padding=&#8220;50px||||false|false&#8220; custom_padding_tablet=&#8220;40px|||&#8220; custom_padding_phone=&#8220;20px|||&#8220; custom_padding_last_edited=&#8220;off|desktop&#8220; padding_phone=&#8220;20px|||&#8220; padding_tablet=&#8220;40px|||&#8220; padding_last_edited=&#8220;off|desktop&#8220; custom_padding__hover=&#8220;|||&#8220;][et_pb_blurb title=&#8220;4 Zimmer&#8220; use_icon=&#8220;on&#8220; font_icon=&#8220;%%236%%&#8220; icon_color=&#8220;#c3cfd6&#8243; icon_placement=&#8220;left&#8220; use_icon_font_size=&#8220;on&#8220; icon_font_size=&#8220;24px&#8220; _builder_version=&#8220;4.0.6&#8243; header_level=&#8220;h5&#8243; header_font=&#8220;Raleway|700|||||||&#8220; header_line_height=&#8220;1.4em&#8220; custom_margin=&#8220;||||false|false&#8220;][\/et_pb_blurb][\/et_pb_column][et_pb_column type=&#8220;1_4&#8243; _builder_version=&#8220;4.0.6&#8243; custom_padding=&#8220;50px||||false|false&#8220; custom_padding_tablet=&#8220;40px|||&#8220; custom_padding_phone=&#8220;20px|||&#8220; custom_padding_last_edited=&#8220;off|desktop&#8220; padding_phone=&#8220;20px|||&#8220; padding_tablet=&#8220;40px|||&#8220; padding_last_edited=&#8220;off|desktop&#8220; custom_padding__hover=&#8220;|||&#8220;][et_pb_blurb title=&#8220;f\u00fcr 4 Personen ab 150\u20ac \/ Nacht&#8220; use_icon=&#8220;on&#8220; font_icon=&#8220;%%280%%&#8220; icon_color=&#8220;#c3cfd6&#8243; icon_placement=&#8220;left&#8220; use_icon_font_size=&#8220;on&#8220; icon_font_size=&#8220;24px&#8220; _builder_version=&#8220;4.0.6&#8243; header_level=&#8220;h5&#8243; header_font=&#8220;Raleway|700|||||||&#8220; header_line_height=&#8220;1.4em&#8220;][\/et_pb_blurb][\/et_pb_column][et_pb_column type=&#8220;1_4&#8243; _builder_version=&#8220;4.0.6&#8243; _dynamic_attributes=&#8220;link_option_url&#8220; background_color=&#8220;#b2b9c4&#8243; custom_padding=&#8220;|||&#8220; custom_padding_tablet=&#8220;20px||20px||true&#8220; custom_padding_last_edited=&#8220;off|desktop&#8220; link_option_url=&#8220;@ET-DC@eyJkeW5hbWljIjp0cnVlLCJjb250ZW50IjoicG9zdF9saW5rX3VybF9wYWdlIiwic2V0dGluZ3MiOnsicG9zdF9pZCI6IjkyIn19@&#8220; padding_tablet=&#8220;20px||20px||true&#8220; padding_last_edited=&#8220;off|desktop&#8220; custom_padding__hover=&#8220;|||&#8220;][et_pb_button button_url=&#8220;@ET-DC@eyJkeW5hbWljIjp0cnVlLCJjb250ZW50IjoicG9zdF9saW5rX3VybF9wYWdlIiwic2V0dGluZ3MiOnsicG9zdF9pZCI6IjkyIn19@&#8220; button_text=&#8220;Kontakt&#8220; button_alignment=&#8220;center&#8220; _builder_version=&#8220;4.0.6&#8243; _dynamic_attributes=&#8220;button_url&#8220; custom_button=&#8220;on&#8220; button_text_color=&#8220;#ffffff&#8220; button_bg_color=&#8220;#b2b9c4&#8243; button_border_width=&#8220;10px&#8220; button_border_color=&#8220;rgba(0,0,0,0)&#8220; button_border_radius=&#8220;0px&#8220; button_font=&#8220;|700|||||||&#8220; custom_margin=&#8220;||14px|17px||&#8220; custom_padding=&#8220;36px||9px|0px|false|false&#8220; button_border_radius_hover=&#8220;0px&#8220; button_text_size__hover_enabled=&#8220;off&#8220; button_one_text_size__hover_enabled=&#8220;off&#8220; button_two_text_size__hover_enabled=&#8220;off&#8220; button_text_color__hover_enabled=&#8220;off&#8220; button_one_text_color__hover_enabled=&#8220;off&#8220; button_two_text_color__hover_enabled=&#8220;off&#8220; button_border_width__hover_enabled=&#8220;off&#8220; button_one_border_width__hover_enabled=&#8220;off&#8220; button_two_border_width__hover_enabled=&#8220;off&#8220; button_border_color__hover_enabled=&#8220;off&#8220; button_one_border_color__hover_enabled=&#8220;off&#8220; button_two_border_color__hover_enabled=&#8220;off&#8220; button_border_radius__hover_enabled=&#8220;on&#8220; button_border_radius__hover=&#8220;0px&#8220; button_one_border_radius__hover_enabled=&#8220;off&#8220; button_two_border_radius__hover_enabled=&#8220;off&#8220; button_letter_spacing__hover_enabled=&#8220;off&#8220; button_one_letter_spacing__hover_enabled=&#8220;off&#8220; button_two_letter_spacing__hover_enabled=&#8220;off&#8220; button_bg_color__hover_enabled=&#8220;off&#8220; button_one_bg_color__hover_enabled=&#8220;off&#8220; button_two_bg_color__hover_enabled=&#8220;off&#8220;][\/et_pb_button][\/et_pb_column][\/et_pb_row][\/et_pb_section][et_pb_section fb_built=&#8220;1&#8243; admin_label=&#8220;About Us&#8220; _builder_version=&#8220;4.0.6&#8243; custom_margin=&#8220;10px|||||&#8220; animation_style=&#8220;fade&#8220;][et_pb_row _builder_version=&#8220;4.0.6&#8243; width=&#8220;71.4%&#8220;][et_pb_column type=&#8220;4_4&#8243; _builder_version=&#8220;4.0.6&#8243;][et_pb_text _builder_version=&#8220;4.0.6&#8243; custom_padding=&#8220;|0px||0px||&#8220;]<\/p>\n<h1>Unsere Pension<\/h1>\n<p>&nbsp;<\/p>\n<p>Unsere modernen, hell und freundlich ausgestatteten Zimmer liegen in einer ruhigen Wohnung in einem B\u00fcrohaus einer Firma in einem kleineren Gewerbegebiet in Burgdorf\/H\u00fclptingsen direkt angebunden an die B188. Die Autobahnen A2 und A7, sowie die B3 nach Hannover oder Celle sind schnell erreichbar. Die Stadt Burgdorf verf\u00fcgt \u00fcber eine gute Infrastruktur. Der Bahnhof von Burgdorf ist knappe 3 km entfernt und verf\u00fcgt \u00fcber eine halbst\u00fcndige S-Bahnanbindung an den Hannover Hauptbahnhof und an den Celler Bahnhof. Die Burgdorfer Feldmark sowie der Wald \u201eBurgdorfer Holz\u201c sind fu\u00dfl\u00e4ufig erreichbar. Zwei Superm\u00e4rkte, ein B\u00e4cker und ein Schlachter liegen in knapp 1 km Entfernung. Alles andere in der knapp 3 km entfernten Burgdorfer Innenstadt.<\/p>\n<p>Unsere Zimmer im 1. OG sind funktionell und gem\u00fctlich eingerichtet. Die zwei B\u00e4der (gemeinschaftliche Nutzung) sind hochwertig ausgestattet. Das EG ist offen gestaltet. Hier befindet sich der separate Eingang der Wohnung, eine gro\u00dfe Einbauk\u00fcche mit Kochinsel\u00a0 Cerankochfeld, Backofen, Mikrowelle, K\u00fchlschrank, Wasserkocher, Kaffeemaschine, sowie ausreichend Geschirr; ein gemeinsames Esszimmer und Wohnzimmer mit SAT TV.<\/p>\n<p>Kostenfreies WLAN in allen R\u00e4umen, sowie einen kompetenten Ansprechpartner rund um die Vermietung runden das Angebot ab.<\/p>\n<p>[\/et_pb_text][\/et_pb_column][\/et_pb_row][\/et_pb_section][et_pb_section fb_built=&#8220;1&#8243; admin_label=&#8220;Amenities&#8220; _builder_version=&#8220;4.0.6&#8243; background_color=&#8220;#ffffff&#8220; max_width=&#8220;91.4%&#8220; max_width_tablet=&#8220;&#8220; max_width_phone=&#8220;100%&#8220; max_width_last_edited=&#8220;on|phone&#8220; custom_margin=&#8220;0px||||false|false&#8220; custom_padding=&#8220;|||0px|false|false&#8220; border_color_all=&#8220;#ffffff&#8220; border_width_left=&#8220;10vw&#8220;][et_pb_row _builder_version=&#8220;3.25&#8243; locked=&#8220;off&#8220;][et_pb_column type=&#8220;4_4&#8243; _builder_version=&#8220;3.25&#8243; custom_padding=&#8220;|||&#8220; custom_padding__hover=&#8220;|||&#8220;][et_pb_text _builder_version=&#8220;4.0.6&#8243; text_font=&#8220;||||||||&#8220; text_font_size=&#8220;16px&#8220; text_line_height=&#8220;2em&#8220; header_font=&#8220;||||||||&#8220; header_2_font=&#8220;Raleway|700|||||||&#8220; header_2_font_size=&#8220;50px&#8220; header_2_line_height=&#8220;1.2em&#8220; header_6_font=&#8220;Raleway|700||on|||||&#8220; header_6_font_size=&#8220;16px&#8220; header_6_letter_spacing=&#8220;5px&#8220; header_6_line_height=&#8220;1.8em&#8220; max_width=&#8220;512px&#8220; max_width_last_edited=&#8220;off|desktop&#8220; animation_style=&#8220;fade&#8220; header_2_font_size_tablet=&#8220;35px&#8220; header_2_font_size_phone=&#8220;25px&#8220; header_2_font_size_last_edited=&#8220;on|phone&#8220;]<\/p>\n<h6><\/h6>\n<h2>Highlights<\/h2>\n<p>[\/et_pb_text][\/et_pb_column][\/et_pb_row][et_pb_row column_structure=&#8220;1_3,1_3,1_3&#8243; _builder_version=&#8220;3.25&#8243;][et_pb_column type=&#8220;1_3&#8243; _builder_version=&#8220;3.25&#8243; custom_padding=&#8220;|||&#8220; custom_padding__hover=&#8220;|||&#8220;][et_pb_blurb title=&#8220;Freies WLAN&#8220; _builder_version=&#8220;4.0.6&#8243; header_level=&#8220;h5&#8243; header_font=&#8220;Raleway|700|||||||&#8220; header_font_size=&#8220;20px&#8220; header_line_height=&#8220;1.2em&#8220; body_font=&#8220;||||||||&#8220; body_line_height=&#8220;2em&#8220; animation_style=&#8220;fade&#8220;]<\/p>\n<p>Kostenfreies WLAN in allen R\u00e4umen.<\/p>\n<p>[\/et_pb_blurb][\/et_pb_column][et_pb_column type=&#8220;1_3&#8243; _builder_version=&#8220;3.25&#8243; custom_padding=&#8220;|||&#8220; custom_padding__hover=&#8220;|||&#8220;][et_pb_blurb title=&#8220;Freies Parken&#8220; _builder_version=&#8220;4.0.6&#8243; header_level=&#8220;h5&#8243; header_font=&#8220;Raleway|700|||||||&#8220; header_font_size=&#8220;20px&#8220; header_line_height=&#8220;1.2em&#8220; body_font=&#8220;||||||||&#8220; body_line_height=&#8220;2em&#8220; animation_style=&#8220;fade&#8220;]<\/p>\n<p>Direkt vor dem Haus findet sich ausreichend Parkfl\u00e4che.<\/p>\n<p>[\/et_pb_blurb][\/et_pb_column][et_pb_column type=&#8220;1_3&#8243; _builder_version=&#8220;3.25&#8243; custom_padding=&#8220;|||&#8220; custom_padding__hover=&#8220;|||&#8220;][et_pb_blurb title=&#8220;Schlafzimmer Komfort&#8220; _builder_version=&#8220;4.0.6&#8243; header_level=&#8220;h5&#8243; header_font=&#8220;Raleway|700|||||||&#8220; header_font_size=&#8220;20px&#8220; header_line_height=&#8220;1.2em&#8220; body_font=&#8220;||||||||&#8220; body_line_height=&#8220;2em&#8220; animation_style=&#8220;fade&#8220; locked=&#8220;off&#8220;]<\/p>\n<p>Funktionell und gem\u00fctlich<\/p>\n<p>[\/et_pb_blurb][\/et_pb_column][\/et_pb_row][et_pb_row column_structure=&#8220;1_3,1_3,1_3&#8243; _builder_version=&#8220;3.25&#8243;][et_pb_column type=&#8220;1_3&#8243; _builder_version=&#8220;3.25&#8243; custom_padding=&#8220;|||&#8220; custom_padding__hover=&#8220;|||&#8220;][et_pb_blurb title=&#8220;Geschirrsp\u00fclmaschine&#8220; _builder_version=&#8220;4.0.6&#8243; header_level=&#8220;h5&#8243; header_font=&#8220;Raleway|700|||||||&#8220; header_font_size=&#8220;20px&#8220; header_line_height=&#8220;1.2em&#8220; body_font=&#8220;||||||||&#8220; body_line_height=&#8220;2em&#8220; animation_style=&#8220;fade&#8220;]<\/p>\n<p>Eine gut ausgestatte Einbauk\u00fcche l\u00e4sst keine W\u00fcnsche offen.<\/p>\n<p>[\/et_pb_blurb][\/et_pb_column][et_pb_column type=&#8220;1_3&#8243; _builder_version=&#8220;3.25&#8243; custom_padding=&#8220;|||&#8220; custom_padding__hover=&#8220;|||&#8220;][et_pb_blurb title=&#8220;Kamin &#038; SAT TV&#8220; _builder_version=&#8220;4.0.6&#8243; header_level=&#8220;h5&#8243; header_font=&#8220;Raleway|700|||||||&#8220; header_font_size=&#8220;20px&#8220; header_line_height=&#8220;1.2em&#8220; body_font=&#8220;||||||||&#8220; body_line_height=&#8220;2em&#8220; animation_style=&#8220;fade&#8220; animation_delay=&#8220;250ms&#8220;]<\/p>\n<p>Entspannen Sie sich im gem\u00fctlichen Wohnzimmer am SAT TV oder am Kamin.<\/p>\n<p>[\/et_pb_blurb][\/et_pb_column][et_pb_column type=&#8220;1_3&#8243; _builder_version=&#8220;3.25&#8243; custom_padding=&#8220;|||&#8220; custom_padding__hover=&#8220;|||&#8220;][et_pb_blurb title=&#8220;Badewanne &#038; Dusche&#8220; _builder_version=&#8220;4.0.6&#8243; header_level=&#8220;h5&#8243; header_font=&#8220;Raleway|700|||||||&#8220; header_font_size=&#8220;20px&#8220; header_line_height=&#8220;1.2em&#8220; body_font=&#8220;||||||||&#8220; body_line_height=&#8220;2em&#8220; animation_style=&#8220;fade&#8220; animation_delay=&#8220;250ms&#8220;]<\/p>\n<p>Zwei gemeinsam genutze B\u00e4der in gehobener Ausstattung.<\/p>\n<p>[\/et_pb_blurb][\/et_pb_column][\/et_pb_row][et_pb_row column_structure=&#8220;1_3,1_3,1_3&#8243; _builder_version=&#8220;4.0.6&#8243;][et_pb_column type=&#8220;1_3&#8243; _builder_version=&#8220;3.25&#8243; custom_padding=&#8220;|||&#8220; custom_padding__hover=&#8220;|||&#8220;][et_pb_blurb title=&#8220;Garten mit Terasse&#8220; _builder_version=&#8220;4.0.6&#8243; header_level=&#8220;h5&#8243; header_font=&#8220;Raleway|700|||||||&#8220; header_font_size=&#8220;20px&#8220; header_line_height=&#8220;1.2em&#8220; body_font=&#8220;||||||||&#8220; body_line_height=&#8220;2em&#8220; animation_style=&#8220;fade&#8220; animation_delay=&#8220;250ms&#8220;]<\/p>\n<p>Ein gem\u00fctlicher und gr\u00fcner Garten l\u00e4dt zum Erholen ein.<\/p>\n<p>[\/et_pb_blurb][\/et_pb_column][et_pb_column type=&#8220;1_3&#8243; _builder_version=&#8220;3.25&#8243; custom_padding=&#8220;|||&#8220; custom_padding__hover=&#8220;|||&#8220;][et_pb_blurb title=&#8220;Lage&#8220; _builder_version=&#8220;4.0.6&#8243; header_level=&#8220;h5&#8243; header_font=&#8220;Raleway|700|||||||&#8220; header_font_size=&#8220;20px&#8220; header_line_height=&#8220;1.2em&#8220; body_font=&#8220;||||||||&#8220; body_line_height=&#8220;2em&#8220; animation_style=&#8220;fade&#8220; animation_delay=&#8220;250ms&#8220;]<\/p>\n<p>In die Innenstadt nach Burgdorf zum Einkaufen oder ins Burgdorfer Holz zum Spazieren.<\/p>\n<p>[\/et_pb_blurb][\/et_pb_column][et_pb_column type=&#8220;1_3&#8243; _builder_version=&#8220;3.25&#8243; custom_padding=&#8220;|||&#8220; custom_padding__hover=&#8220;|||&#8220;][et_pb_blurb title=&#8220;Und mehr &#8230;.&#8220; _builder_version=&#8220;4.0.6&#8243; header_level=&#8220;h5&#8243; header_font=&#8220;Raleway|700|||||||&#8220; header_font_size=&#8220;20px&#8220; header_line_height=&#8220;1.2em&#8220; body_font=&#8220;||||||||&#8220; body_line_height=&#8220;2em&#8220; animation_style=&#8220;fade&#8220; animation_delay=&#8220;250ms&#8220; locked=&#8220;off&#8220;][\/et_pb_blurb][\/et_pb_column][\/et_pb_row][\/et_pb_section]<\/p>\n","protected":false},"excerpt":{"rendered":"<p>A Home Away From Home Die Pension &#8211; Leine 9Unsere Pension &nbsp; Unsere modernen, hell und freundlich ausgestatteten Zimmer liegen in einer ruhigen Wohnung in einem B\u00fcrohaus einer Firma in einem kleineren Gewerbegebiet in Burgdorf\/H\u00fclptingsen direkt angebunden an die B188. Die Autobahnen A2 und A7, sowie die B3 nach Hannover oder Celle sind schnell erreichbar. [&hellip;]<\/p>\n","protected":false},"author":1,"featured_media":0,"parent":0,"menu_order":0,"comment_status":"closed","ping_status":"closed","template":"","meta":{"_et_pb_use_builder":"on","_et_pb_old_content":"","_et_gb_content_width":"","footnotes":""},"class_list":["post-6","page","type-page","status-publish","hentry"],"_links":{"self":[{"href":"https:\/\/leine9.de\/index.php\/wp-json\/wp\/v2\/pages\/6"}],"collection":[{"href":"https:\/\/leine9.de\/index.php\/wp-json\/wp\/v2\/pages"}],"about":[{"href":"https:\/\/leine9.de\/index.php\/wp-json\/wp\/v2\/types\/page"}],"author":[{"embeddable":true,"href":"https:\/\/leine9.de\/index.php\/wp-json\/wp\/v2\/users\/1"}],"replies":[{"embeddable":true,"href":"https:\/\/leine9.de\/index.php\/wp-json\/wp\/v2\/comments?post=6"}],"version-history":[{"count":25,"href":"https:\/\/leine9.de\/index.php\/wp-json\/wp\/v2\/pages\/6\/revisions"}],"predecessor-version":[{"id":263,"href":"https:\/\/leine9.de\/index.php\/wp-json\/wp\/v2\/pages\/6\/revisions\/263"}],"wp:attachment":[{"href":"https:\/\/leine9.de\/index.php\/wp-json\/wp\/v2\/media?parent=6"}],"curies":[{"name":"wp","href":"https:\/\/api.w.org\/{rel}","templated":true}]}}