{"id":76,"date":"2019-11-09T17:37:10","date_gmt":"2019-11-09T17:37:10","guid":{"rendered":"https:\/\/leine9.de\/?page_id=76"},"modified":"2020-01-05T18:21:33","modified_gmt":"2020-01-05T18:21:33","slug":"ausstattung","status":"publish","type":"page","link":"https:\/\/leine9.de\/index.php\/ausstattung\/","title":{"rendered":"Zimmer &#038; Preise"},"content":{"rendered":"<p>[et_pb_section fb_built=&#8220;1&#8243; admin_label=&#8220;Header&#8220; _builder_version=&#8220;4.0.6&#8243; use_background_color_gradient=&#8220;on&#8220; background_color_gradient_start=&#8220;rgba(255,255,255,0.89)&#8220; background_color_gradient_end=&#8220;rgba(255,255,255,0)&#8220; background_color_gradient_type=&#8220;radial&#8220; background_color_gradient_direction_radial=&#8220;top left&#8220; background_color_gradient_start_position=&#8220;30%&#8220; background_color_gradient_end_position=&#8220;80%&#8220; background_color_gradient_overlays_image=&#8220;on&#8220; background_image=&#8220;https:\/\/leine9.de\/wp-content\/uploads\/2019\/11\/IMG_5333-copy-e1573500011180.jpeg&#8220; custom_padding=&#8220;12vw|0px|0|0px|false|false&#8220;][et_pb_row _builder_version=&#8220;3.25&#8243; custom_margin=&#8220;|auto|22px|auto||&#8220;][et_pb_column type=&#8220;4_4&#8243; _builder_version=&#8220;3.25&#8243; custom_padding=&#8220;|||&#8220; custom_padding__hover=&#8220;|||&#8220;][et_pb_text _builder_version=&#8220;3.27.4&#8243; text_font=&#8220;||||||||&#8220; header_font=&#8220;Raleway|700|||||||&#8220; header_font_size=&#8220;80px&#8220; header_line_height=&#8220;1.2em&#8220; header_5_font=&#8220;Raleway|700||on|||||&#8220; header_5_text_color=&#8220;#000000&#8243; header_5_font_size=&#8220;20px&#8220; header_5_letter_spacing=&#8220;0.5em&#8220; header_5_line_height=&#8220;1.8em&#8220; min_height=&#8220;253px&#8220; animation_style=&#8220;zoom&#8220; animation_intensity_zoom=&#8220;5%&#8220; header_font_size_tablet=&#8220;48px&#8220; header_font_size_phone=&#8220;32px&#8220; header_font_size_last_edited=&#8220;on|phone&#8220; header_5_font_size_tablet=&#8220;14px&#8220; header_5_font_size_phone=&#8220;12px&#8220; header_5_font_size_last_edited=&#8220;on|desktop&#8220;]<\/p>\n<h5><\/h5>\n<h1>Zimmer &amp; Preise<\/h1>\n<p>[\/et_pb_text][\/et_pb_column][\/et_pb_row][\/et_pb_section][et_pb_section fb_built=&#8220;1&#8243; _builder_version=&#8220;4.0.6&#8243; animation_style=&#8220;fade&#8220; animation_duration=&#8220;1500ms&#8220;][et_pb_row column_structure=&#8220;1_3,1_3,1_3&#8243; _builder_version=&#8220;4.0.6&#8243;][et_pb_column type=&#8220;1_3&#8243; _builder_version=&#8220;4.0.6&#8243;][et_pb_text _builder_version=&#8220;4.0.6&#8243;]<\/p>\n<h2>Je Nacht<\/h2>\n<p><span>f\u00fcr 4 Personen 150 Euro<\/span><br \/> <span>F\u00fcr die 5.Person + 20 eur<\/span><br \/> <span>F\u00fcr die 6. Person + 20 eur<\/span><br \/> <span>Zzgl Endreinigung<\/span><\/p>\n<p>[\/et_pb_text][\/et_pb_column][et_pb_column type=&#8220;1_3&#8243; _builder_version=&#8220;4.0.6&#8243;][et_pb_text _builder_version=&#8220;4.0.6&#8243;]<\/p>\n<h2><span>Je Woche<\/span><\/h2>\n<p> <span>F\u00fcr 4 Personen 500 eur<\/span><br \/> <span>F\u00fcr die 5. Person + 100 eur<\/span><br \/> <span>F\u00fcr die 6. Person + 100 eur<\/span><br \/> <span>Zzgl w\u00f6chentliche Reingungspauschale<\/span><\/p>\n<p>[\/et_pb_text][\/et_pb_column][et_pb_column type=&#8220;1_3&#8243; _builder_version=&#8220;4.0.6&#8243;][et_pb_text _builder_version=&#8220;4.0.6&#8243;]<\/p>\n<h2><span>Je Monat:<\/span><\/h2>\n<p> <span>F\u00fcr 4 Personen 1.500 eur<\/span><br \/> <span>F\u00fcr die 5. Person + 250 eur<\/span><br \/> <span>F\u00fcr die 6. Person + 250 eur<\/span><br \/> <span>Zzgl. w\u00f6chentliche Reinigungspauschale<\/span><\/p>\n<p>[\/et_pb_text][\/et_pb_column][\/et_pb_row][et_pb_row _builder_version=&#8220;4.0.6&#8243;][et_pb_column type=&#8220;4_4&#8243; _builder_version=&#8220;4.0.6&#8243;][et_pb_text _builder_version=&#8220;4.0.6&#8243;]<\/p>\n<p><span>Bei einem Aufenthalt k\u00fcrzer als 3 N\u00e4chte + 30% Zuschlag.<\/span><\/p>\n<p><span>Alle Preise sind incl Handt\u00fccher\/ Bettw\u00e4sche und incl Strom und Wasser zzgl. Kaution.<\/span><\/p>\n<p>[\/et_pb_text][\/et_pb_column][\/et_pb_row][\/et_pb_section][et_pb_section fb_built=&#8220;1&#8243; _builder_version=&#8220;4.0.6&#8243; animation_style=&#8220;fade&#8220;][et_pb_row _builder_version=&#8220;4.0.6&#8243;][et_pb_column type=&#8220;4_4&#8243; _builder_version=&#8220;4.0.6&#8243;][et_pb_text _builder_version=&#8220;4.0.6&#8243;]<\/p>\n<h1>Die Zimmer<\/h1>\n<p>Alle Zimmer sind modern, hell und freundlich eingerichtet und verf\u00fcgen \u00fcber 1x2m Betten mit hochwertigen Matratzen f\u00fcr einen angenehmen Schlaf. Alle Zimmer verf\u00fcgen \u00fcber Au\u00dfenjalousien und einem hochwertigen Vorwerk Teppichboden und Fu\u00dfbodenheizung. Die Zimmer sind Allergiker geeignet durch einen hochwertigen Kalkputz an den W\u00e4nden, welche mit Silikatfarbe gestrichen worden.<\/p>\n<p>Alle B\u00e4der, sowie das EG sind mit einheitlichen, hellen und hochwertigen Fliesen belegt.<\/p>\n<p>Die Treppe vom EG ins OG ist gut begehbar und mit Granitsteinen belegt.<\/p>\n<p>[\/et_pb_text][\/et_pb_column][\/et_pb_row][et_pb_row column_structure=&#8220;1_2,1_2&#8243; _builder_version=&#8220;4.0.6&#8243; background_color=&#8220;#ffffff&#8220; animation_style=&#8220;fade&#8220; animation_duration=&#8220;1500ms&#8220; locked=&#8220;off&#8220;][et_pb_column type=&#8220;1_2&#8243; _builder_version=&#8220;4.0.6&#8243;][et_pb_image src=&#8220;https:\/\/leine9.de\/wp-content\/uploads\/2019\/11\/IMG_8913-e1573331050392.jpg&#8220; _builder_version=&#8220;4.0.6&#8243; hover_enabled=&#8220;0&#8243;][\/et_pb_image][\/et_pb_column][et_pb_column type=&#8220;1_2&#8243; _builder_version=&#8220;4.0.6&#8243;][et_pb_image src=&#8220;https:\/\/leine9.de\/wp-content\/uploads\/2019\/11\/IMG_8912-e1573331026921.jpg&#8220; _builder_version=&#8220;4.0.6&#8243;][\/et_pb_image][\/et_pb_column][\/et_pb_row][\/et_pb_section][et_pb_section fb_built=&#8220;1&#8243; _builder_version=&#8220;4.0.6&#8243;][et_pb_row column_structure=&#8220;1_2,1_2&#8243; _builder_version=&#8220;4.0.6&#8243; background_color=&#8220;#ffffff&#8220; animation_style=&#8220;fade&#8220; animation_duration=&#8220;1500ms&#8220;][et_pb_column type=&#8220;1_2&#8243; _builder_version=&#8220;4.0.6&#8243;][et_pb_text _builder_version=&#8220;4.0.6&#8243;]<\/p>\n<h1>Zimmer 1<\/h1>\n<ul>\n<li>15,38 qm<\/li>\n<li><span>2 Betten je 1x2m mit Komfortmatratzen<\/span><\/li>\n<li>2 Nachttische<\/li>\n<li>2 Schr\u00e4nke<\/li>\n<li>1 Schreibtisch mit Stuhl<\/li>\n<li>die Betten sind durch einen Raumteiler (Regal) getrennt<\/li>\n<\/ul>\n<p>[\/et_pb_text][\/et_pb_column][et_pb_column type=&#8220;1_2&#8243; _builder_version=&#8220;4.0.6&#8243;][et_pb_gallery gallery_ids=&#8220;266,268,267&#8243; fullwidth=&#8220;on&#8220; _builder_version=&#8220;4.0.6&#8243; max_width=&#8220;75%&#8220; module_alignment=&#8220;center&#8220;][\/et_pb_gallery][\/et_pb_column][\/et_pb_row][et_pb_row column_structure=&#8220;1_2,1_2&#8243; disabled_on=&#8220;off|off|off&#8220; module_class=&#8220;column_swap&#8220; _builder_version=&#8220;4.0.6&#8243; background_color=&#8220;#ffffff&#8220; animation_style=&#8220;fade&#8220; animation_duration=&#8220;1500ms&#8220;][et_pb_column type=&#8220;1_2&#8243; _builder_version=&#8220;4.0.6&#8243;][et_pb_gallery gallery_ids=&#8220;272,269,270,271&#8243; fullwidth=&#8220;on&#8220; module_class=&#8220;second-on-mobile&#8220; _builder_version=&#8220;4.0.6&#8243; max_width=&#8220;75%&#8220; module_alignment=&#8220;center&#8220;][\/et_pb_gallery][\/et_pb_column][et_pb_column type=&#8220;1_2&#8243; _builder_version=&#8220;4.0.6&#8243;][et_pb_text module_class=&#8220;first-on-mobile&#8220; _builder_version=&#8220;4.0.6&#8243;]<\/p>\n<h1><span style=\"font-size: 30px;\">Zimmer 2<\/span><\/h1>\n<ul>\n<li>15,79 qm<\/li>\n<li><span style=\"font-size: 14px;\">2 Betten je 1x2m mit Komfortmatratzen<\/span><\/li>\n<li>2 Nachttische<\/li>\n<li>2 Schr\u00e4nke<\/li>\n<li>1 Schreibtisch mit Stuhl<\/li>\n<li>die Betten sind durch einen Raumteiler (Regal) getrennt<\/li>\n<\/ul>\n<p>[\/et_pb_text][\/et_pb_column][\/et_pb_row][et_pb_row column_structure=&#8220;1_2,1_2&#8243; _builder_version=&#8220;4.0.6&#8243; background_color=&#8220;#ffffff&#8220; animation_style=&#8220;fade&#8220; animation_duration=&#8220;1500ms&#8220;][et_pb_column type=&#8220;1_2&#8243; _builder_version=&#8220;4.0.6&#8243;][et_pb_text _builder_version=&#8220;4.0.6&#8243; custom_padding=&#8220;1px|||||&#8220;]<\/p>\n<h1>Zimmer 3<\/h1>\n<ul>\n<li>11,65 qm<\/li>\n<li>ein Bodentiefes Fensterelement mit Plissee<\/li>\n<li>1 Bett 1x2m mit Komfortmatratze<\/li>\n<li>1 Kommode<\/li>\n<li>1 Schrank<\/li>\n<li>1 Schreibtisch mit Stuhl<\/li>\n<\/ul>\n<p>[\/et_pb_text][\/et_pb_column][et_pb_column type=&#8220;1_2&#8243; _builder_version=&#8220;4.0.6&#8243;][et_pb_gallery gallery_ids=&#8220;161,160&#8243; fullwidth=&#8220;on&#8220; _builder_version=&#8220;4.0.6&#8243; max_width=&#8220;75%&#8220; module_alignment=&#8220;center&#8220;][\/et_pb_gallery][\/et_pb_column][\/et_pb_row][et_pb_row column_structure=&#8220;1_2,1_2&#8243; module_class=&#8220;column_swap&#8220; _builder_version=&#8220;4.0.6&#8243; background_color=&#8220;#ffffff&#8220; animation_style=&#8220;fade&#8220; animation_duration=&#8220;1500ms&#8220;][et_pb_column type=&#8220;1_2&#8243; _builder_version=&#8220;4.0.6&#8243;][et_pb_gallery gallery_ids=&#8220;275,273,274&#8243; fullwidth=&#8220;on&#8220; _builder_version=&#8220;4.0.6&#8243; max_width=&#8220;75%&#8220; module_alignment=&#8220;center&#8220;][\/et_pb_gallery][\/et_pb_column][et_pb_column type=&#8220;1_2&#8243; _builder_version=&#8220;4.0.6&#8243;][et_pb_text _builder_version=&#8220;4.0.6&#8243;]<\/p>\n<h1>Zimmer 4<\/h1>\n<ul>\n<li>16,96 qm<\/li>\n<li>ein Bodentiefes Fensterelement mit Plissee<\/li>\n<li>1 Bett 1x2m mit Komfortmatratze<\/li>\n<li>1 Nachttisch<\/li>\n<li>1 Schrank<\/li>\n<li>1 Schreibtisch mit Stuhl<\/li>\n<\/ul>\n<p>[\/et_pb_text][\/et_pb_column][\/et_pb_row][et_pb_row column_structure=&#8220;1_2,1_2&#8243; _builder_version=&#8220;4.0.6&#8243; background_color=&#8220;#ffffff&#8220; animation_style=&#8220;fade&#8220; animation_duration=&#8220;1500ms&#8220;][et_pb_column type=&#8220;1_2&#8243; _builder_version=&#8220;4.0.6&#8243;][et_pb_text _builder_version=&#8220;4.0.6&#8243;]<\/p>\n<h1>K\u00fcche (EG)<\/h1>\n<ul>\n<li>14 qm<\/li>\n<li>U-f\u00f6rmig mit Theke und Kochinsel<\/li>\n<li>Cerankochfeld<\/li>\n<li>Backofen<\/li>\n<li>Mikrowelle<\/li>\n<li>Toaster<\/li>\n<li>Wasserkocher &amp; Kaffemaschine<\/li>\n<li>K\u00fchlschrank mit Gefrierfach<\/li>\n<li>Geschirr\/Besteck f\u00fcr 6 Personen<\/li>\n<li>T\u00f6pfe<\/li>\n<li>Diverse Kochutensilien<\/li>\n<\/ul>\n<p>[\/et_pb_text][\/et_pb_column][et_pb_column type=&#8220;1_2&#8243; _builder_version=&#8220;4.0.6&#8243;][et_pb_gallery gallery_ids=&#8220;142,141,140,139,138&#8243; fullwidth=&#8220;on&#8220; _builder_version=&#8220;4.0.6&#8243; max_width=&#8220;75%&#8220; module_alignment=&#8220;center&#8220;][\/et_pb_gallery][\/et_pb_column][\/et_pb_row][et_pb_row column_structure=&#8220;1_2,1_2&#8243; module_class=&#8220;column_swap&#8220; _builder_version=&#8220;4.0.6&#8243; background_color=&#8220;#ffffff&#8220; animation_style=&#8220;fade&#8220; animation_duration=&#8220;1500ms&#8220;][et_pb_column type=&#8220;1_2&#8243; _builder_version=&#8220;4.0.6&#8243;][et_pb_gallery gallery_ids=&#8220;149,147,146&#8243; fullwidth=&#8220;on&#8220; _builder_version=&#8220;4.0.6&#8243; max_width=&#8220;75%&#8220; module_alignment=&#8220;center&#8220;][\/et_pb_gallery][\/et_pb_column][et_pb_column type=&#8220;1_2&#8243; _builder_version=&#8220;4.0.6&#8243;][et_pb_text _builder_version=&#8220;4.0.6&#8243;]<\/p>\n<h1>Wohnen \/ Essen (EG)<\/h1>\n<ul>\n<li>43,87 qm<\/li>\n<li>Esstisch mit 6 St\u00fchlen<\/li>\n<li>Sideboard<\/li>\n<li>Couch<\/li>\n<li>TV Board mit SAT TV<\/li>\n<li>Kaminofen<\/li>\n<\/ul>\n<p>[\/et_pb_text][\/et_pb_column][\/et_pb_row][et_pb_row column_structure=&#8220;1_2,1_2&#8243; _builder_version=&#8220;4.0.6&#8243; background_color=&#8220;#ffffff&#8220; animation_style=&#8220;fade&#8220; animation_duration=&#8220;1500ms&#8220;][et_pb_column type=&#8220;1_2&#8243; _builder_version=&#8220;4.0.6&#8243;][et_pb_text _builder_version=&#8220;4.0.6&#8243;]<\/p>\n<h1>Garten \/ Terrasse<\/h1>\n<ul>\n<li>Umlaufend begehbar vom Wohnen\/Essen<\/li>\n<li>Ausgestattet mit Tisch und St\u00fchlen<\/li>\n<\/ul>\n<p>[\/et_pb_text][\/et_pb_column][et_pb_column type=&#8220;1_2&#8243; _builder_version=&#8220;4.0.6&#8243;][et_pb_gallery gallery_ids=&#8220;172,170,171,169,168&#8243; fullwidth=&#8220;on&#8220; _builder_version=&#8220;4.0.6&#8243; max_width=&#8220;75%&#8220; max_width_tablet=&#8220;&#8220; max_width_phone=&#8220;&#8220; max_width_last_edited=&#8220;on|desktop&#8220; module_alignment=&#8220;center&#8220;][\/et_pb_gallery][\/et_pb_column][\/et_pb_row][et_pb_row column_structure=&#8220;1_2,1_2&#8243; module_class=&#8220;column_swap&#8220; _builder_version=&#8220;4.0.6&#8243; background_color=&#8220;#ffffff&#8220; animation_style=&#8220;fade&#8220; animation_duration=&#8220;1500ms&#8220;][et_pb_column type=&#8220;1_2&#8243; _builder_version=&#8220;4.0.6&#8243;][et_pb_gallery gallery_ids=&#8220;277,279,278,280&#8243; fullwidth=&#8220;on&#8220; _builder_version=&#8220;4.0.6&#8243; max_width=&#8220;75%&#8220; max_width_tablet=&#8220;&#8220; max_width_phone=&#8220;&#8220; max_width_last_edited=&#8220;on|desktop&#8220; module_alignment=&#8220;center&#8220;][\/et_pb_gallery][\/et_pb_column][et_pb_column type=&#8220;1_2&#8243; _builder_version=&#8220;4.0.6&#8243;][et_pb_text _builder_version=&#8220;4.0.6&#8243;]<\/p>\n<h1>Bad 1 mit Dusche<\/h1>\n<p>[\/et_pb_text][\/et_pb_column][\/et_pb_row][et_pb_row column_structure=&#8220;1_2,1_2&#8243; _builder_version=&#8220;4.0.6&#8243; background_color=&#8220;#ffffff&#8220; animation_style=&#8220;fade&#8220; animation_duration=&#8220;1500ms&#8220;][et_pb_column type=&#8220;1_2&#8243; _builder_version=&#8220;4.0.6&#8243;][et_pb_text _builder_version=&#8220;4.0.6&#8243;]<\/p>\n<h1>Bad 2 mit Badewanne<\/h1>\n<p>[\/et_pb_text][\/et_pb_column][et_pb_column type=&#8220;1_2&#8243; _builder_version=&#8220;4.0.6&#8243;][et_pb_gallery gallery_ids=&#8220;281,283,282,284&#8243; fullwidth=&#8220;on&#8220; _builder_version=&#8220;4.0.6&#8243; max_width=&#8220;75%&#8220; max_width_tablet=&#8220;&#8220; max_width_phone=&#8220;&#8220; max_width_last_edited=&#8220;on|desktop&#8220; module_alignment=&#8220;center&#8220;][\/et_pb_gallery][\/et_pb_column][\/et_pb_row][\/et_pb_section]<\/p>\n","protected":false},"excerpt":{"rendered":"<p>Zimmer &amp; PreiseJe Nacht f\u00fcr 4 Personen 150 Euro F\u00fcr die 5.Person + 20 eur F\u00fcr die 6. Person + 20 eur Zzgl EndreinigungJe Woche F\u00fcr 4 Personen 500 eur F\u00fcr die 5. Person + 100 eur F\u00fcr die 6. Person + 100 eur Zzgl w\u00f6chentliche ReingungspauschaleJe Monat: F\u00fcr 4 Personen 1.500 eur F\u00fcr die [&hellip;]<\/p>\n","protected":false},"author":1,"featured_media":0,"parent":0,"menu_order":0,"comment_status":"closed","ping_status":"closed","template":"","meta":{"_et_pb_use_builder":"on","_et_pb_old_content":"","_et_gb_content_width":"","footnotes":""},"class_list":["post-76","page","type-page","status-publish","hentry"],"_links":{"self":[{"href":"https:\/\/leine9.de\/index.php\/wp-json\/wp\/v2\/pages\/76"}],"collection":[{"href":"https:\/\/leine9.de\/index.php\/wp-json\/wp\/v2\/pages"}],"about":[{"href":"https:\/\/leine9.de\/index.php\/wp-json\/wp\/v2\/types\/page"}],"author":[{"embeddable":true,"href":"https:\/\/leine9.de\/index.php\/wp-json\/wp\/v2\/users\/1"}],"replies":[{"embeddable":true,"href":"https:\/\/leine9.de\/index.php\/wp-json\/wp\/v2\/comments?post=76"}],"version-history":[{"count":39,"href":"https:\/\/leine9.de\/index.php\/wp-json\/wp\/v2\/pages\/76\/revisions"}],"predecessor-version":[{"id":292,"href":"https:\/\/leine9.de\/index.php\/wp-json\/wp\/v2\/pages\/76\/revisions\/292"}],"wp:attachment":[{"href":"https:\/\/leine9.de\/index.php\/wp-json\/wp\/v2\/media?parent=76"}],"curies":[{"name":"wp","href":"https:\/\/api.w.org\/{rel}","templated":true}]}}